{"id":392,"date":"2024-01-31T22:51:01","date_gmt":"2024-01-31T19:51:01","guid":{"rendered":"https:\/\/www.dermatologsevilozdol.com\/?page_id=392"},"modified":"2025-05-24T18:01:59","modified_gmt":"2025-05-24T15:01:59","slug":"galeri","status":"publish","type":"page","link":"https:\/\/www.dermatologsevilozdol.com\/en\/galeri\/","title":{"rendered":"Gallery"},"content":{"rendered":"<div data-elementor-type=\"wp-page\" data-elementor-id=\"392\" class=\"elementor elementor-392\" data-elementor-post-type=\"page\">\n\t\t\t\t<div class=\"elementor-element elementor-element-18c7d8a4 e-con-full e-flex e-con e-parent\" data-id=\"18c7d8a4\" data-element_type=\"container\" data-e-type=\"container\" data-settings=\"{&quot;background_background&quot;:&quot;classic&quot;}\">\n\t\t\t\t<div class=\"elementor-element elementor-element-2b531742 elementor-widget elementor-widget-heading\" data-id=\"2b531742\" data-element_type=\"widget\" data-e-type=\"widget\" data-widget_type=\"heading.default\">\n\t\t\t\t<div class=\"elementor-widget-container\">\n\t\t\t\t\t<h2 class=\"elementor-heading-title elementor-size-default\">FOTO\u011eRAF GALER\u0130S\u0130<\/h2>\t\t\t\t<\/div>\n\t\t\t\t<\/div>\n\t\t\t\t<\/div>\n\t\t<div class=\"elementor-element elementor-element-498638fd e-con-full e-flex e-con e-parent\" data-id=\"498638fd\" data-element_type=\"container\" data-e-type=\"container\" data-settings=\"{&quot;background_background&quot;:&quot;classic&quot;}\">\n\t\t\t\t<div class=\"elementor-element elementor-element-6d98330b elementor-widget elementor-widget-gallery\" data-id=\"6d98330b\" data-element_type=\"widget\" data-e-type=\"widget\" data-settings=\"{&quot;gallery_layout&quot;:&quot;justified&quot;,&quot;lazyload&quot;:&quot;yes&quot;,&quot;ideal_row_height&quot;:{&quot;unit&quot;:&quot;px&quot;,&quot;size&quot;:200,&quot;sizes&quot;:[]},&quot;ideal_row_height_tablet&quot;:{&quot;unit&quot;:&quot;px&quot;,&quot;size&quot;:150,&quot;sizes&quot;:[]},&quot;ideal_row_height_mobile&quot;:{&quot;unit&quot;:&quot;px&quot;,&quot;size&quot;:150,&quot;sizes&quot;:[]},&quot;gap&quot;:{&quot;unit&quot;:&quot;px&quot;,&quot;size&quot;:10,&quot;sizes&quot;:[]},&quot;gap_tablet&quot;:{&quot;unit&quot;:&quot;px&quot;,&quot;size&quot;:10,&quot;sizes&quot;:[]},&quot;gap_mobile&quot;:{&quot;unit&quot;:&quot;px&quot;,&quot;size&quot;:10,&quot;sizes&quot;:[]},&quot;link_to&quot;:&quot;file&quot;,&quot;overlay_background&quot;:&quot;yes&quot;,&quot;content_hover_animation&quot;:&quot;fade-in&quot;}\" data-widget_type=\"gallery.default\">\n\t\t\t\t<div class=\"elementor-widget-container\">\n\t\t\t\t\t\t\t<div class=\"elementor-gallery__container\">\n\t\t\t\t\t\t\t<a class=\"e-gallery-item elementor-gallery-item elementor-animated-content\" href=\"https:\/\/www.dermatologsevilozdol.com\/wp-content\/uploads\/2024\/01\/dr-sevil-ozdol-ankara-one-cikanlar-2.jpg\" data-elementor-open-lightbox=\"yes\" data-elementor-lightbox-slideshow=\"6d98330b\" data-elementor-lightbox-title=\"dr-sevil-ozdol-ankara-one-cikanlar-2.jpg\" data-e-action-hash=\"#elementor-action%3Aaction%3Dlightbox%26settings%3DeyJpZCI6MzcwLCJ1cmwiOiJodHRwczpcL1wvd3d3LmRlcm1hdG9sb2dzZXZpbG96ZG9sLmNvbVwvd3AtY29udGVudFwvdXBsb2Fkc1wvMjAyNFwvMDFcL2RyLXNldmlsLW96ZG9sLWFua2FyYS1vbmUtY2lrYW5sYXItMi5qcGciLCJzbGlkZXNob3ciOiI2ZDk4MzMwYiJ9\">\n\t\t\t\t\t<div class=\"e-gallery-image elementor-gallery-item__image\" data-thumbnail=\"https:\/\/www.dermatologsevilozdol.com\/wp-content\/uploads\/2024\/01\/dr-sevil-ozdol-ankara-one-cikanlar-2.jpg\" data-width=\"780\" data-height=\"291\" aria-label=\"\" role=\"img\" ><\/div>\n\t\t\t\t\t\t\t\t\t\t\t<div class=\"elementor-gallery-item__overlay\"><\/div>\n\t\t\t\t\t\t\t\t\t\t\t\t\t\t<\/a>\n\t\t\t\t\t\t\t<a class=\"e-gallery-item elementor-gallery-item elementor-animated-content\" href=\"https:\/\/www.dermatologsevilozdol.com\/wp-content\/uploads\/2024\/01\/dr-sevil-ozdol-ankara-one-cikanlar-1.jpg\" data-elementor-open-lightbox=\"yes\" data-elementor-lightbox-slideshow=\"6d98330b\" data-elementor-lightbox-title=\"dr-sevil-ozdol-ankara-one-cikanlar-1.jpg\" data-e-action-hash=\"#elementor-action%3Aaction%3Dlightbox%26settings%3DeyJpZCI6MzY5LCJ1cmwiOiJodHRwczpcL1wvd3d3LmRlcm1hdG9sb2dzZXZpbG96ZG9sLmNvbVwvd3AtY29udGVudFwvdXBsb2Fkc1wvMjAyNFwvMDFcL2RyLXNldmlsLW96ZG9sLWFua2FyYS1vbmUtY2lrYW5sYXItMS5qcGciLCJzbGlkZXNob3ciOiI2ZDk4MzMwYiJ9\">\n\t\t\t\t\t<div class=\"e-gallery-image elementor-gallery-item__image\" data-thumbnail=\"https:\/\/www.dermatologsevilozdol.com\/wp-content\/uploads\/2024\/01\/dr-sevil-ozdol-ankara-one-cikanlar-1.jpg\" data-width=\"390\" data-height=\"583\" aria-label=\"\" role=\"img\" ><\/div>\n\t\t\t\t\t\t\t\t\t\t\t<div class=\"elementor-gallery-item__overlay\"><\/div>\n\t\t\t\t\t\t\t\t\t\t\t\t\t\t<\/a>\n\t\t\t\t\t\t\t<a class=\"e-gallery-item elementor-gallery-item elementor-animated-content\" href=\"https:\/\/www.dermatologsevilozdol.com\/wp-content\/uploads\/2024\/01\/dr-sevil-ozdol-ankara-one-cikanlar-6.jpg\" data-elementor-open-lightbox=\"yes\" data-elementor-lightbox-slideshow=\"6d98330b\" data-elementor-lightbox-title=\"dr-sevil-ozdol-ankara-one-cikanlar-6.jpg\" data-e-action-hash=\"#elementor-action%3Aaction%3Dlightbox%26settings%3DeyJpZCI6MzcyLCJ1cmwiOiJodHRwczpcL1wvd3d3LmRlcm1hdG9sb2dzZXZpbG96ZG9sLmNvbVwvd3AtY29udGVudFwvdXBsb2Fkc1wvMjAyNFwvMDFcL2RyLXNldmlsLW96ZG9sLWFua2FyYS1vbmUtY2lrYW5sYXItNi5qcGciLCJzbGlkZXNob3ciOiI2ZDk4MzMwYiJ9\">\n\t\t\t\t\t<div class=\"e-gallery-image elementor-gallery-item__image\" data-thumbnail=\"https:\/\/www.dermatologsevilozdol.com\/wp-content\/uploads\/2024\/01\/dr-sevil-ozdol-ankara-one-cikanlar-6.jpg\" data-width=\"390\" data-height=\"292\" aria-label=\"\" role=\"img\" ><\/div>\n\t\t\t\t\t\t\t\t\t\t\t<div class=\"elementor-gallery-item__overlay\"><\/div>\n\t\t\t\t\t\t\t\t\t\t\t\t\t\t<\/a>\n\t\t\t\t\t\t\t<a class=\"e-gallery-item elementor-gallery-item elementor-animated-content\" href=\"https:\/\/www.dermatologsevilozdol.com\/wp-content\/uploads\/2024\/01\/dr-sevil-ozdol-ankara-one-cikanlar-5.jpg\" data-elementor-open-lightbox=\"yes\" data-elementor-lightbox-slideshow=\"6d98330b\" data-elementor-lightbox-title=\"dr-sevil-ozdol-ankara-one-cikanlar-5.jpg\" data-e-action-hash=\"#elementor-action%3Aaction%3Dlightbox%26settings%3DeyJpZCI6MzcxLCJ1cmwiOiJodHRwczpcL1wvd3d3LmRlcm1hdG9sb2dzZXZpbG96ZG9sLmNvbVwvd3AtY29udGVudFwvdXBsb2Fkc1wvMjAyNFwvMDFcL2RyLXNldmlsLW96ZG9sLWFua2FyYS1vbmUtY2lrYW5sYXItNS5qcGciLCJzbGlkZXNob3ciOiI2ZDk4MzMwYiJ9\">\n\t\t\t\t\t<div class=\"e-gallery-image elementor-gallery-item__image\" data-thumbnail=\"https:\/\/www.dermatologsevilozdol.com\/wp-content\/uploads\/2024\/01\/dr-sevil-ozdol-ankara-one-cikanlar-5.jpg\" data-width=\"780\" data-height=\"292\" aria-label=\"\" role=\"img\" ><\/div>\n\t\t\t\t\t\t\t\t\t\t\t<div class=\"elementor-gallery-item__overlay\"><\/div>\n\t\t\t\t\t\t\t\t\t\t\t\t\t\t<\/a>\n\t\t\t\t\t\t\t<a class=\"e-gallery-item elementor-gallery-item elementor-animated-content\" href=\"https:\/\/www.dermatologsevilozdol.com\/wp-content\/uploads\/2024\/01\/dr-sevil-ozdol-ankara-one-cikanlar-4.jpg\" data-elementor-open-lightbox=\"yes\" data-elementor-lightbox-slideshow=\"6d98330b\" data-elementor-lightbox-title=\"dr-sevil-ozdol-ankara-one-cikanlar-4.jpg\" data-e-action-hash=\"#elementor-action%3Aaction%3Dlightbox%26settings%3DeyJpZCI6MzczLCJ1cmwiOiJodHRwczpcL1wvd3d3LmRlcm1hdG9sb2dzZXZpbG96ZG9sLmNvbVwvd3AtY29udGVudFwvdXBsb2Fkc1wvMjAyNFwvMDFcL2RyLXNldmlsLW96ZG9sLWFua2FyYS1vbmUtY2lrYW5sYXItNC5qcGciLCJzbGlkZXNob3ciOiI2ZDk4MzMwYiJ9\">\n\t\t\t\t\t<div class=\"e-gallery-image elementor-gallery-item__image\" data-thumbnail=\"https:\/\/www.dermatologsevilozdol.com\/wp-content\/uploads\/2024\/01\/dr-sevil-ozdol-ankara-one-cikanlar-4.jpg\" data-width=\"390\" data-height=\"292\" aria-label=\"\" role=\"img\" ><\/div>\n\t\t\t\t\t\t\t\t\t\t\t<div class=\"elementor-gallery-item__overlay\"><\/div>\n\t\t\t\t\t\t\t\t\t\t\t\t\t\t<\/a>\n\t\t\t\t\t\t\t<a class=\"e-gallery-item elementor-gallery-item elementor-animated-content\" href=\"https:\/\/www.dermatologsevilozdol.com\/wp-content\/uploads\/2024\/01\/dr-sevil-ozdol-ankara-one-cikanlar-3.jpg\" data-elementor-open-lightbox=\"yes\" data-elementor-lightbox-slideshow=\"6d98330b\" data-elementor-lightbox-title=\"dr-sevil-ozdol-ankara-one-cikanlar-3.jpg\" data-e-action-hash=\"#elementor-action%3Aaction%3Dlightbox%26settings%3DeyJpZCI6MzY4LCJ1cmwiOiJodHRwczpcL1wvd3d3LmRlcm1hdG9sb2dzZXZpbG96ZG9sLmNvbVwvd3AtY29udGVudFwvdXBsb2Fkc1wvMjAyNFwvMDFcL2RyLXNldmlsLW96ZG9sLWFua2FyYS1vbmUtY2lrYW5sYXItMy5qcGciLCJzbGlkZXNob3ciOiI2ZDk4MzMwYiJ9\">\n\t\t\t\t\t<div class=\"e-gallery-image elementor-gallery-item__image\" data-thumbnail=\"https:\/\/www.dermatologsevilozdol.com\/wp-content\/uploads\/2024\/01\/dr-sevil-ozdol-ankara-one-cikanlar-3.jpg\" data-width=\"390\" data-height=\"292\" aria-label=\"\" role=\"img\" ><\/div>\n\t\t\t\t\t\t\t\t\t\t\t<div class=\"elementor-gallery-item__overlay\"><\/div>\n\t\t\t\t\t\t\t\t\t\t\t\t\t\t<\/a>\n\t\t\t\t\t\t\t<a class=\"e-gallery-item elementor-gallery-item elementor-animated-content\" href=\"https:\/\/www.dermatologsevilozdol.com\/wp-content\/uploads\/2025\/05\/dr-sevil-ozdol-galeri-gorselleri-1.jpg\" data-elementor-open-lightbox=\"yes\" data-elementor-lightbox-slideshow=\"6d98330b\" data-elementor-lightbox-title=\"dr-sevil-ozdol-galeri-gorselleri (1)\" data-e-action-hash=\"#elementor-action%3Aaction%3Dlightbox%26settings%3DeyJpZCI6NTczLCJ1cmwiOiJodHRwczpcL1wvd3d3LmRlcm1hdG9sb2dzZXZpbG96ZG9sLmNvbVwvd3AtY29udGVudFwvdXBsb2Fkc1wvMjAyNVwvMDVcL2RyLXNldmlsLW96ZG9sLWdhbGVyaS1nb3JzZWxsZXJpLTEuanBnIiwic2xpZGVzaG93IjoiNmQ5ODMzMGIifQ%3D%3D\">\n\t\t\t\t\t<div class=\"e-gallery-image elementor-gallery-item__image\" data-thumbnail=\"https:\/\/www.dermatologsevilozdol.com\/wp-content\/uploads\/2025\/05\/dr-sevil-ozdol-galeri-gorselleri-1.jpg\" data-width=\"1920\" data-height=\"1869\" aria-label=\"\" role=\"img\" ><\/div>\n\t\t\t\t\t\t\t\t\t\t\t<div class=\"elementor-gallery-item__overlay\"><\/div>\n\t\t\t\t\t\t\t\t\t\t\t\t\t\t<\/a>\n\t\t\t\t\t\t\t<a class=\"e-gallery-item elementor-gallery-item elementor-animated-content\" href=\"https:\/\/www.dermatologsevilozdol.com\/wp-content\/uploads\/2025\/05\/dr-sevil-ozdol-galeri-gorselleri-2.jpg\" data-elementor-open-lightbox=\"yes\" data-elementor-lightbox-slideshow=\"6d98330b\" data-elementor-lightbox-title=\"dr-sevil-ozdol-galeri-gorselleri (2)\" data-e-action-hash=\"#elementor-action%3Aaction%3Dlightbox%26settings%3DeyJpZCI6NTc0LCJ1cmwiOiJodHRwczpcL1wvd3d3LmRlcm1hdG9sb2dzZXZpbG96ZG9sLmNvbVwvd3AtY29udGVudFwvdXBsb2Fkc1wvMjAyNVwvMDVcL2RyLXNldmlsLW96ZG9sLWdhbGVyaS1nb3JzZWxsZXJpLTIuanBnIiwic2xpZGVzaG93IjoiNmQ5ODMzMGIifQ%3D%3D\">\n\t\t\t\t\t<div class=\"e-gallery-image elementor-gallery-item__image\" data-thumbnail=\"https:\/\/www.dermatologsevilozdol.com\/wp-content\/uploads\/2025\/05\/dr-sevil-ozdol-galeri-gorselleri-2.jpg\" data-width=\"1920\" data-height=\"1441\" aria-label=\"\" role=\"img\" ><\/div>\n\t\t\t\t\t\t\t\t\t\t\t<div class=\"elementor-gallery-item__overlay\"><\/div>\n\t\t\t\t\t\t\t\t\t\t\t\t\t\t<\/a>\n\t\t\t\t\t\t\t<a class=\"e-gallery-item elementor-gallery-item elementor-animated-content\" href=\"https:\/\/www.dermatologsevilozdol.com\/wp-content\/uploads\/2025\/05\/dr-sevil-ozdol-galeri-gorselleri-3.jpg\" data-elementor-open-lightbox=\"yes\" data-elementor-lightbox-slideshow=\"6d98330b\" data-elementor-lightbox-title=\"dr-sevil-ozdol-galeri-gorselleri (3)\" data-e-action-hash=\"#elementor-action%3Aaction%3Dlightbox%26settings%3DeyJpZCI6NTc1LCJ1cmwiOiJodHRwczpcL1wvd3d3LmRlcm1hdG9sb2dzZXZpbG96ZG9sLmNvbVwvd3AtY29udGVudFwvdXBsb2Fkc1wvMjAyNVwvMDVcL2RyLXNldmlsLW96ZG9sLWdhbGVyaS1nb3JzZWxsZXJpLTMuanBnIiwic2xpZGVzaG93IjoiNmQ5ODMzMGIifQ%3D%3D\">\n\t\t\t\t\t<div class=\"e-gallery-image elementor-gallery-item__image\" data-thumbnail=\"https:\/\/www.dermatologsevilozdol.com\/wp-content\/uploads\/2025\/05\/dr-sevil-ozdol-galeri-gorselleri-3.jpg\" data-width=\"1920\" data-height=\"1441\" aria-label=\"\" role=\"img\" ><\/div>\n\t\t\t\t\t\t\t\t\t\t\t<div class=\"elementor-gallery-item__overlay\"><\/div>\n\t\t\t\t\t\t\t\t\t\t\t\t\t\t<\/a>\n\t\t\t\t\t\t\t<a class=\"e-gallery-item elementor-gallery-item elementor-animated-content\" href=\"https:\/\/www.dermatologsevilozdol.com\/wp-content\/uploads\/2025\/05\/dr-sevil-ozdol-galeri-gorselleri-4.jpg\" data-elementor-open-lightbox=\"yes\" data-elementor-lightbox-slideshow=\"6d98330b\" data-elementor-lightbox-title=\"dr-sevil-ozdol-galeri-gorselleri (4)\" data-e-action-hash=\"#elementor-action%3Aaction%3Dlightbox%26settings%3DeyJpZCI6NTc2LCJ1cmwiOiJodHRwczpcL1wvd3d3LmRlcm1hdG9sb2dzZXZpbG96ZG9sLmNvbVwvd3AtY29udGVudFwvdXBsb2Fkc1wvMjAyNVwvMDVcL2RyLXNldmlsLW96ZG9sLWdhbGVyaS1nb3JzZWxsZXJpLTQuanBnIiwic2xpZGVzaG93IjoiNmQ5ODMzMGIifQ%3D%3D\">\n\t\t\t\t\t<div class=\"e-gallery-image elementor-gallery-item__image\" data-thumbnail=\"https:\/\/www.dermatologsevilozdol.com\/wp-content\/uploads\/2025\/05\/dr-sevil-ozdol-galeri-gorselleri-4.jpg\" data-width=\"1920\" data-height=\"1441\" aria-label=\"\" role=\"img\" ><\/div>\n\t\t\t\t\t\t\t\t\t\t\t<div class=\"elementor-gallery-item__overlay\"><\/div>\n\t\t\t\t\t\t\t\t\t\t\t\t\t\t<\/a>\n\t\t\t\t\t\t\t<a class=\"e-gallery-item elementor-gallery-item elementor-animated-content\" href=\"https:\/\/www.dermatologsevilozdol.com\/wp-content\/uploads\/2025\/05\/dr-sevil-ozdol-galeri-gorselleri-5.jpg\" data-elementor-open-lightbox=\"yes\" data-elementor-lightbox-slideshow=\"6d98330b\" data-elementor-lightbox-title=\"dr-sevil-ozdol-galeri-gorselleri (5)\" data-e-action-hash=\"#elementor-action%3Aaction%3Dlightbox%26settings%3DeyJpZCI6NTc3LCJ1cmwiOiJodHRwczpcL1wvd3d3LmRlcm1hdG9sb2dzZXZpbG96ZG9sLmNvbVwvd3AtY29udGVudFwvdXBsb2Fkc1wvMjAyNVwvMDVcL2RyLXNldmlsLW96ZG9sLWdhbGVyaS1nb3JzZWxsZXJpLTUuanBnIiwic2xpZGVzaG93IjoiNmQ5ODMzMGIifQ%3D%3D\">\n\t\t\t\t\t<div class=\"e-gallery-image elementor-gallery-item__image\" data-thumbnail=\"https:\/\/www.dermatologsevilozdol.com\/wp-content\/uploads\/2025\/05\/dr-sevil-ozdol-galeri-gorselleri-5.jpg\" data-width=\"1920\" data-height=\"1441\" aria-label=\"\" role=\"img\" ><\/div>\n\t\t\t\t\t\t\t\t\t\t\t<div class=\"elementor-gallery-item__overlay\"><\/div>\n\t\t\t\t\t\t\t\t\t\t\t\t\t\t<\/a>\n\t\t\t\t\t\t\t<a class=\"e-gallery-item elementor-gallery-item elementor-animated-content\" href=\"https:\/\/www.dermatologsevilozdol.com\/wp-content\/uploads\/2025\/05\/dr-sevil-ozdol-galeri-gorselleri-6.jpg\" data-elementor-open-lightbox=\"yes\" data-elementor-lightbox-slideshow=\"6d98330b\" data-elementor-lightbox-title=\"dr-sevil-ozdol-galeri-gorselleri (6)\" data-e-action-hash=\"#elementor-action%3Aaction%3Dlightbox%26settings%3DeyJpZCI6NTc4LCJ1cmwiOiJodHRwczpcL1wvd3d3LmRlcm1hdG9sb2dzZXZpbG96ZG9sLmNvbVwvd3AtY29udGVudFwvdXBsb2Fkc1wvMjAyNVwvMDVcL2RyLXNldmlsLW96ZG9sLWdhbGVyaS1nb3JzZWxsZXJpLTYuanBnIiwic2xpZGVzaG93IjoiNmQ5ODMzMGIifQ%3D%3D\">\n\t\t\t\t\t<div class=\"e-gallery-image elementor-gallery-item__image\" data-thumbnail=\"https:\/\/www.dermatologsevilozdol.com\/wp-content\/uploads\/2025\/05\/dr-sevil-ozdol-galeri-gorselleri-6.jpg\" data-width=\"1920\" data-height=\"1441\" aria-label=\"\" role=\"img\" ><\/div>\n\t\t\t\t\t\t\t\t\t\t\t<div class=\"elementor-gallery-item__overlay\"><\/div>\n\t\t\t\t\t\t\t\t\t\t\t\t\t\t<\/a>\n\t\t\t\t\t\t\t<a class=\"e-gallery-item elementor-gallery-item elementor-animated-content\" href=\"https:\/\/www.dermatologsevilozdol.com\/wp-content\/uploads\/2025\/05\/dr-sevil-ozdol-galeri-gorselleri-7.jpg\" data-elementor-open-lightbox=\"yes\" data-elementor-lightbox-slideshow=\"6d98330b\" data-elementor-lightbox-title=\"dr-sevil-ozdol-galeri-gorselleri (7)\" data-e-action-hash=\"#elementor-action%3Aaction%3Dlightbox%26settings%3DeyJpZCI6NTc5LCJ1cmwiOiJodHRwczpcL1wvd3d3LmRlcm1hdG9sb2dzZXZpbG96ZG9sLmNvbVwvd3AtY29udGVudFwvdXBsb2Fkc1wvMjAyNVwvMDVcL2RyLXNldmlsLW96ZG9sLWdhbGVyaS1nb3JzZWxsZXJpLTcuanBnIiwic2xpZGVzaG93IjoiNmQ5ODMzMGIifQ%3D%3D\">\n\t\t\t\t\t<div class=\"e-gallery-image elementor-gallery-item__image\" data-thumbnail=\"https:\/\/www.dermatologsevilozdol.com\/wp-content\/uploads\/2025\/05\/dr-sevil-ozdol-galeri-gorselleri-7.jpg\" data-width=\"1920\" data-height=\"1441\" aria-label=\"\" role=\"img\" ><\/div>\n\t\t\t\t\t\t\t\t\t\t\t<div class=\"elementor-gallery-item__overlay\"><\/div>\n\t\t\t\t\t\t\t\t\t\t\t\t\t\t<\/a>\n\t\t\t\t\t\t\t<a class=\"e-gallery-item elementor-gallery-item elementor-animated-content\" href=\"https:\/\/www.dermatologsevilozdol.com\/wp-content\/uploads\/2025\/05\/dr-sevil-ozdol-galeri-gorselleri-8.jpg\" data-elementor-open-lightbox=\"yes\" data-elementor-lightbox-slideshow=\"6d98330b\" data-elementor-lightbox-title=\"dr-sevil-ozdol-galeri-gorselleri (8)\" data-e-action-hash=\"#elementor-action%3Aaction%3Dlightbox%26settings%3DeyJpZCI6NTgwLCJ1cmwiOiJodHRwczpcL1wvd3d3LmRlcm1hdG9sb2dzZXZpbG96ZG9sLmNvbVwvd3AtY29udGVudFwvdXBsb2Fkc1wvMjAyNVwvMDVcL2RyLXNldmlsLW96ZG9sLWdhbGVyaS1nb3JzZWxsZXJpLTguanBnIiwic2xpZGVzaG93IjoiNmQ5ODMzMGIifQ%3D%3D\">\n\t\t\t\t\t<div class=\"e-gallery-image elementor-gallery-item__image\" data-thumbnail=\"https:\/\/www.dermatologsevilozdol.com\/wp-content\/uploads\/2025\/05\/dr-sevil-ozdol-galeri-gorselleri-8.jpg\" data-width=\"1920\" data-height=\"1441\" aria-label=\"\" role=\"img\" ><\/div>\n\t\t\t\t\t\t\t\t\t\t\t<div class=\"elementor-gallery-item__overlay\"><\/div>\n\t\t\t\t\t\t\t\t\t\t\t\t\t\t<\/a>\n\t\t\t\t\t\t\t<a class=\"e-gallery-item elementor-gallery-item elementor-animated-content\" href=\"https:\/\/www.dermatologsevilozdol.com\/wp-content\/uploads\/2025\/05\/dr-sevil-ozdol-galeri-gorselleri-9.jpg\" data-elementor-open-lightbox=\"yes\" data-elementor-lightbox-slideshow=\"6d98330b\" data-elementor-lightbox-title=\"dr-sevil-ozdol-galeri-gorselleri (9)\" data-e-action-hash=\"#elementor-action%3Aaction%3Dlightbox%26settings%3DeyJpZCI6NTgxLCJ1cmwiOiJodHRwczpcL1wvd3d3LmRlcm1hdG9sb2dzZXZpbG96ZG9sLmNvbVwvd3AtY29udGVudFwvdXBsb2Fkc1wvMjAyNVwvMDVcL2RyLXNldmlsLW96ZG9sLWdhbGVyaS1nb3JzZWxsZXJpLTkuanBnIiwic2xpZGVzaG93IjoiNmQ5ODMzMGIifQ%3D%3D\">\n\t\t\t\t\t<div class=\"e-gallery-image elementor-gallery-item__image\" data-thumbnail=\"https:\/\/www.dermatologsevilozdol.com\/wp-content\/uploads\/2025\/05\/dr-sevil-ozdol-galeri-gorselleri-9.jpg\" data-width=\"1920\" data-height=\"1441\" aria-label=\"\" role=\"img\" ><\/div>\n\t\t\t\t\t\t\t\t\t\t\t<div class=\"elementor-gallery-item__overlay\"><\/div>\n\t\t\t\t\t\t\t\t\t\t\t\t\t\t<\/a>\n\t\t\t\t\t\t\t<a class=\"e-gallery-item elementor-gallery-item elementor-animated-content\" href=\"https:\/\/www.dermatologsevilozdol.com\/wp-content\/uploads\/2025\/05\/dr-sevil-ozdol-galeri-gorselleri-10.jpg\" data-elementor-open-lightbox=\"yes\" data-elementor-lightbox-slideshow=\"6d98330b\" data-elementor-lightbox-title=\"dr-sevil-ozdol-galeri-gorselleri (10)\" data-e-action-hash=\"#elementor-action%3Aaction%3Dlightbox%26settings%3DeyJpZCI6NTgyLCJ1cmwiOiJodHRwczpcL1wvd3d3LmRlcm1hdG9sb2dzZXZpbG96ZG9sLmNvbVwvd3AtY29udGVudFwvdXBsb2Fkc1wvMjAyNVwvMDVcL2RyLXNldmlsLW96ZG9sLWdhbGVyaS1nb3JzZWxsZXJpLTEwLmpwZyIsInNsaWRlc2hvdyI6IjZkOTgzMzBiIn0%3D\">\n\t\t\t\t\t<div class=\"e-gallery-image elementor-gallery-item__image\" data-thumbnail=\"https:\/\/www.dermatologsevilozdol.com\/wp-content\/uploads\/2025\/05\/dr-sevil-ozdol-galeri-gorselleri-10.jpg\" data-width=\"1920\" data-height=\"1442\" aria-label=\"\" role=\"img\" ><\/div>\n\t\t\t\t\t\t\t\t\t\t\t<div class=\"elementor-gallery-item__overlay\"><\/div>\n\t\t\t\t\t\t\t\t\t\t\t\t\t\t<\/a>\n\t\t\t\t\t\t\t<a class=\"e-gallery-item elementor-gallery-item elementor-animated-content\" href=\"https:\/\/www.dermatologsevilozdol.com\/wp-content\/uploads\/2025\/05\/dr-sevil-ozdol-galeri-gorselleri-11.jpg\" data-elementor-open-lightbox=\"yes\" data-elementor-lightbox-slideshow=\"6d98330b\" data-elementor-lightbox-title=\"dr-sevil-ozdol-galeri-gorselleri (11)\" data-e-action-hash=\"#elementor-action%3Aaction%3Dlightbox%26settings%3DeyJpZCI6NTgzLCJ1cmwiOiJodHRwczpcL1wvd3d3LmRlcm1hdG9sb2dzZXZpbG96ZG9sLmNvbVwvd3AtY29udGVudFwvdXBsb2Fkc1wvMjAyNVwvMDVcL2RyLXNldmlsLW96ZG9sLWdhbGVyaS1nb3JzZWxsZXJpLTExLmpwZyIsInNsaWRlc2hvdyI6IjZkOTgzMzBiIn0%3D\">\n\t\t\t\t\t<div class=\"e-gallery-image elementor-gallery-item__image\" data-thumbnail=\"https:\/\/www.dermatologsevilozdol.com\/wp-content\/uploads\/2025\/05\/dr-sevil-ozdol-galeri-gorselleri-11.jpg\" data-width=\"1920\" data-height=\"1441\" aria-label=\"\" role=\"img\" ><\/div>\n\t\t\t\t\t\t\t\t\t\t\t<div class=\"elementor-gallery-item__overlay\"><\/div>\n\t\t\t\t\t\t\t\t\t\t\t\t\t\t<\/a>\n\t\t\t\t\t\t\t<a class=\"e-gallery-item elementor-gallery-item elementor-animated-content\" href=\"https:\/\/www.dermatologsevilozdol.com\/wp-content\/uploads\/2025\/05\/dr-sevil-ozdol-galeri-gorselleri-12.jpg\" data-elementor-open-lightbox=\"yes\" data-elementor-lightbox-slideshow=\"6d98330b\" data-elementor-lightbox-title=\"dr-sevil-ozdol-galeri-gorselleri (12)\" data-e-action-hash=\"#elementor-action%3Aaction%3Dlightbox%26settings%3DeyJpZCI6NTg0LCJ1cmwiOiJodHRwczpcL1wvd3d3LmRlcm1hdG9sb2dzZXZpbG96ZG9sLmNvbVwvd3AtY29udGVudFwvdXBsb2Fkc1wvMjAyNVwvMDVcL2RyLXNldmlsLW96ZG9sLWdhbGVyaS1nb3JzZWxsZXJpLTEyLmpwZyIsInNsaWRlc2hvdyI6IjZkOTgzMzBiIn0%3D\">\n\t\t\t\t\t<div class=\"e-gallery-image elementor-gallery-item__image\" data-thumbnail=\"https:\/\/www.dermatologsevilozdol.com\/wp-content\/uploads\/2025\/05\/dr-sevil-ozdol-galeri-gorselleri-12.jpg\" data-width=\"1920\" data-height=\"1441\" aria-label=\"\" role=\"img\" ><\/div>\n\t\t\t\t\t\t\t\t\t\t\t<div class=\"elementor-gallery-item__overlay\"><\/div>\n\t\t\t\t\t\t\t\t\t\t\t\t\t\t<\/a>\n\t\t\t\t\t<\/div>\n\t\t\t\t\t<\/div>\n\t\t\t\t<\/div>\n\t\t\t\t<\/div>\n\t\t\t\t<\/div>","protected":false},"excerpt":{"rendered":"<p>FOTO\u011eRAF GALER\u0130S\u0130<\/p>","protected":false},"author":1,"featured_media":0,"parent":0,"menu_order":0,"comment_status":"closed","ping_status":"closed","template":"","meta":{"footnotes":""},"class_list":["post-392","page","type-page","status-publish","hentry"],"_links":{"self":[{"href":"https:\/\/www.dermatologsevilozdol.com\/en\/wp-json\/wp\/v2\/pages\/392","targetHints":{"allow":["GET"]}}],"collection":[{"href":"https:\/\/www.dermatologsevilozdol.com\/en\/wp-json\/wp\/v2\/pages"}],"about":[{"href":"https:\/\/www.dermatologsevilozdol.com\/en\/wp-json\/wp\/v2\/types\/page"}],"author":[{"embeddable":true,"href":"https:\/\/www.dermatologsevilozdol.com\/en\/wp-json\/wp\/v2\/users\/1"}],"replies":[{"embeddable":true,"href":"https:\/\/www.dermatologsevilozdol.com\/en\/wp-json\/wp\/v2\/comments?post=392"}],"version-history":[{"count":12,"href":"https:\/\/www.dermatologsevilozdol.com\/en\/wp-json\/wp\/v2\/pages\/392\/revisions"}],"predecessor-version":[{"id":590,"href":"https:\/\/www.dermatologsevilozdol.com\/en\/wp-json\/wp\/v2\/pages\/392\/revisions\/590"}],"wp:attachment":[{"href":"https:\/\/www.dermatologsevilozdol.com\/en\/wp-json\/wp\/v2\/media?parent=392"}],"curies":[{"name":"wp","href":"https:\/\/api.w.org\/{rel}","templated":true}]}}