{"id":401,"date":"2024-01-31T22:52:44","date_gmt":"2024-01-31T19:52:44","guid":{"rendered":"https:\/\/www.dermatologsevilozdol.com\/?page_id=401"},"modified":"2024-02-09T16:13:29","modified_gmt":"2024-02-09T13:13:29","slug":"dr-sevil-ozdol","status":"publish","type":"page","link":"https:\/\/www.dermatologsevilozdol.com\/en\/dr-sevil-ozdol\/","title":{"rendered":"Dr. Sevil \u00d6zd\u00f6l"},"content":{"rendered":"<div data-elementor-type=\"wp-page\" data-elementor-id=\"401\" class=\"elementor elementor-401\" data-elementor-post-type=\"page\">\n\t\t\t\t<div class=\"elementor-element elementor-element-46153c06 e-con-full e-flex e-con e-parent\" data-id=\"46153c06\" data-element_type=\"container\" data-e-type=\"container\" data-settings=\"{&quot;background_background&quot;:&quot;classic&quot;}\">\n\t\t\t\t<div class=\"elementor-element elementor-element-bc5ca5c elementor-widget elementor-widget-heading\" data-id=\"bc5ca5c\" data-element_type=\"widget\" data-e-type=\"widget\" data-widget_type=\"heading.default\">\n\t\t\t\t<div class=\"elementor-widget-container\">\n\t\t\t\t\t<h2 class=\"elementor-heading-title elementor-size-default\">Dr. Sevil \u00d6zd\u00f6l<\/h2>\t\t\t\t<\/div>\n\t\t\t\t<\/div>\n\t\t\t\t<\/div>\n\t\t<div class=\"elementor-element elementor-element-6bfc1b78 e-con-full e-flex e-con e-parent\" data-id=\"6bfc1b78\" data-element_type=\"container\" data-e-type=\"container\">\n\t\t<div class=\"elementor-element elementor-element-66ddae90 e-con-full e-flex e-con e-child\" data-id=\"66ddae90\" data-element_type=\"container\" data-e-type=\"container\">\n\t\t\t\t<div class=\"elementor-element elementor-element-15819084 elementor-widget elementor-widget-image\" data-id=\"15819084\" data-element_type=\"widget\" data-e-type=\"widget\" data-widget_type=\"image.default\">\n\t\t\t\t<div class=\"elementor-widget-container\">\n\t\t\t\t\t\t\t\t\t\t\t\t\t\t\t<img fetchpriority=\"high\" decoding=\"async\" width=\"570\" height=\"715\" src=\"https:\/\/www.dermatologsevilozdol.com\/wp-content\/uploads\/2024\/01\/dr-sevil-ozdol-ankara-hakkimizda.jpg\" class=\"attachment-full size-full wp-image-365\" alt=\"\" srcset=\"https:\/\/www.dermatologsevilozdol.com\/wp-content\/uploads\/2024\/01\/dr-sevil-ozdol-ankara-hakkimizda.jpg 570w, https:\/\/www.dermatologsevilozdol.com\/wp-content\/uploads\/2024\/01\/dr-sevil-ozdol-ankara-hakkimizda-239x300.jpg 239w\" sizes=\"(max-width: 570px) 100vw, 570px\" \/>\t\t\t\t\t\t\t\t\t\t\t\t\t\t\t<\/div>\n\t\t\t\t<\/div>\n\t\t\t\t<\/div>\n\t\t<div class=\"elementor-element elementor-element-1aed1930 e-con-full e-flex e-con e-child\" data-id=\"1aed1930\" data-element_type=\"container\" data-e-type=\"container\" data-settings=\"{&quot;background_background&quot;:&quot;classic&quot;}\">\n\t\t\t\t<div class=\"elementor-element elementor-element-41168791 elementor-widget elementor-widget-heading\" data-id=\"41168791\" data-element_type=\"widget\" data-e-type=\"widget\" data-widget_type=\"heading.default\">\n\t\t\t\t<div class=\"elementor-widget-container\">\n\t\t\t\t\t<h2 class=\"elementor-heading-title elementor-size-default\">DERMATOLOGIST<\/h2>\t\t\t\t<\/div>\n\t\t\t\t<\/div>\n\t\t\t\t<div class=\"elementor-element elementor-element-378f7504 elementor-widget elementor-widget-heading\" data-id=\"378f7504\" data-element_type=\"widget\" data-e-type=\"widget\" data-widget_type=\"heading.default\">\n\t\t\t\t<div class=\"elementor-widget-container\">\n\t\t\t\t\t<h2 class=\"elementor-heading-title elementor-size-default\">Dr. Sevil \u00d6zd\u00f6l Who Is She?<\/h2>\t\t\t\t<\/div>\n\t\t\t\t<\/div>\n\t\t\t\t<div class=\"elementor-element elementor-element-5bf7faee elementor-widget elementor-widget-text-editor\" data-id=\"5bf7faee\" data-element_type=\"widget\" data-e-type=\"widget\" data-widget_type=\"text-editor.default\">\n\t\t\t\t<div class=\"elementor-widget-container\">\n\t\t\t\t\t\t\t\t\t<p>I Was Born In Konya Ere\u011fli 05-09-1976. I am married and I&#039;m the mother of 4 daughters.<\/p><p>In 2000 graduated from the Medical Faculty of Ankara University, Hacettepe University Medical School in 2004, from \u2018Ksantelazma palpebrar and atherosclerotic risk factors and Lipoprotein-a relationship with\u2019 on (100 patients and 100 control group) my expertise I took with my thesis.<\/p><p>The specialty of dermatology at the Medical Center between 2005 and 2011 imece private job and that I did. I did private practice medicine in the years between 2011-2015.<\/p><p>Liv hospital Ankara between the years, I worked as a dermatology specialist in ... ... 2015 to 2019. Yulin Maidan I&#039;m serving in the office since 2019.<\/p>\t\t\t\t\t\t\t\t<\/div>\n\t\t\t\t<\/div>\n\t\t\t\t<div class=\"elementor-element elementor-element-6a37a81c elementor-widget elementor-widget-image\" data-id=\"6a37a81c\" data-element_type=\"widget\" data-e-type=\"widget\" data-widget_type=\"image.default\">\n\t\t\t\t<div class=\"elementor-widget-container\">\n\t\t\t\t\t\t\t\t\t\t\t\t\t\t\t<img decoding=\"async\" width=\"1849\" height=\"565\" src=\"https:\/\/www.dermatologsevilozdol.com\/wp-content\/uploads\/2024\/01\/dr-sevil-ozdol-ankara-isim.png\" class=\"attachment-full size-full wp-image-366\" alt=\"\" srcset=\"https:\/\/www.dermatologsevilozdol.com\/wp-content\/uploads\/2024\/01\/dr-sevil-ozdol-ankara-isim.png 1849w, https:\/\/www.dermatologsevilozdol.com\/wp-content\/uploads\/2024\/01\/dr-sevil-ozdol-ankara-isim-300x92.png 300w, https:\/\/www.dermatologsevilozdol.com\/wp-content\/uploads\/2024\/01\/dr-sevil-ozdol-ankara-isim-1024x313.png 1024w, https:\/\/www.dermatologsevilozdol.com\/wp-content\/uploads\/2024\/01\/dr-sevil-ozdol-ankara-isim-768x235.png 768w, https:\/\/www.dermatologsevilozdol.com\/wp-content\/uploads\/2024\/01\/dr-sevil-ozdol-ankara-isim-1536x469.png 1536w\" sizes=\"(max-width: 1849px) 100vw, 1849px\" \/>\t\t\t\t\t\t\t\t\t\t\t\t\t\t\t<\/div>\n\t\t\t\t<\/div>\n\t\t\t\t<\/div>\n\t\t\t\t<\/div>\n\t\t<div class=\"elementor-element elementor-element-32e8c283 e-con-full e-flex e-con e-parent\" data-id=\"32e8c283\" data-element_type=\"container\" data-e-type=\"container\">\n\t\t<div class=\"elementor-element elementor-element-45d2d452 e-con-full e-flex e-con e-child\" data-id=\"45d2d452\" data-element_type=\"container\" data-e-type=\"container\">\n\t\t\t\t<div class=\"elementor-element elementor-element-2524469b elementor-widget elementor-widget-heading\" data-id=\"2524469b\" data-element_type=\"widget\" data-e-type=\"widget\" data-widget_type=\"heading.default\">\n\t\t\t\t<div class=\"elementor-widget-container\">\n\t\t\t\t\t<h2 class=\"elementor-heading-title elementor-size-default\">Dr. Sevil \u00d6zd\u00f6l<\/h2>\t\t\t\t<\/div>\n\t\t\t\t<\/div>\n\t\t\t\t<div class=\"elementor-element elementor-element-5c73783c elementor-widget elementor-widget-heading\" data-id=\"5c73783c\" data-element_type=\"widget\" data-e-type=\"widget\" data-widget_type=\"heading.default\">\n\t\t\t\t<div class=\"elementor-widget-container\">\n\t\t\t\t\t<h2 class=\"elementor-heading-title elementor-size-default\">Clinical Studies:<\/h2>\t\t\t\t<\/div>\n\t\t\t\t<\/div>\n\t\t\t\t<div class=\"elementor-element elementor-element-4f45c268 elementor-widget elementor-widget-text-editor\" data-id=\"4f45c268\" data-element_type=\"widget\" data-e-type=\"widget\" data-widget_type=\"text-editor.default\">\n\t\t\t\t<div class=\"elementor-widget-container\">\n\t\t\t\t\t\t\t\t\t<ul><li>Pityriasis lichenoides: a retrospective study involving 75 patients<\/li><li>Sevil Ozdol1, Bud Boztepe1, Ay\u015fen Karaduman1, Cansel K\u00f6se Gurer2, Banu Cakir3, Rose Erkin1, Psoriasis \u015eahin1<\/li><li>I&#039;m palpebrar Xanthelasma and its relation to atherosclerotic risk factors and lipoprotein (A)<\/li><li>1.Sevil \u00d6zd\u00f6l MD,<\/li><li>2.Psoriasis and the Hawk<\/li><li>3.Using Risk Factor Categories Lale<\/li><li>Laugier-Hunziker Syndrome poster presentation<\/li><li>Subungal melanoma in situ poster presentation<\/li><\/ul>\t\t\t\t\t\t\t\t<\/div>\n\t\t\t\t<\/div>\n\t\t\t\t<\/div>\n\t\t\t\t<\/div>\n\t\t<div class=\"elementor-element elementor-element-621c7cf9 e-con-full e-flex e-con e-parent\" data-id=\"621c7cf9\" data-element_type=\"container\" data-e-type=\"container\">\n\t\t<div class=\"elementor-element elementor-element-55d56961 e-con-full e-flex e-con e-child\" data-id=\"55d56961\" data-element_type=\"container\" data-e-type=\"container\">\n\t\t\t\t<div class=\"elementor-element elementor-element-764b9c01 elementor-widget elementor-widget-heading\" data-id=\"764b9c01\" data-element_type=\"widget\" data-e-type=\"widget\" data-widget_type=\"heading.default\">\n\t\t\t\t<div class=\"elementor-widget-container\">\n\t\t\t\t\t<h2 class=\"elementor-heading-title elementor-size-default\">Dr. Sevil \u00d6zd\u00f6l<\/h2>\t\t\t\t<\/div>\n\t\t\t\t<\/div>\n\t\t\t\t<div class=\"elementor-element elementor-element-51df0af4 elementor-widget elementor-widget-heading\" data-id=\"51df0af4\" data-element_type=\"widget\" data-e-type=\"widget\" data-widget_type=\"heading.default\">\n\t\t\t\t<div class=\"elementor-widget-container\">\n\t\t\t\t\t<h2 class=\"elementor-heading-title elementor-size-default\">Congresses and meetings attended:<\/h2>\t\t\t\t<\/div>\n\t\t\t\t<\/div>\n\t\t\t\t<div class=\"elementor-element elementor-element-49140f33 elementor-widget elementor-widget-text-editor\" data-id=\"49140f33\" data-element_type=\"widget\" data-e-type=\"widget\" data-widget_type=\"text-editor.default\">\n\t\t\t\t<div class=\"elementor-widget-container\">\n\t\t\t\t\t\t\t\t\t<ul><li>National Congress of Dermatology<\/li><li>Days of Dermatological Surgery<\/li><li>Prof A. L\u00fctf\u00fc tat symposium<\/li><li>UU Dermatokozmetoloji days<\/li><li>National Pediatric Dermatology Days<\/li><li>Clinical Training M22<\/li><li>Skin aging and course thread<\/li><li>International workshop on soft tissue injectable pruducts certificate<\/li><li>Applied laser course<\/li><li>Botolinum toxin applied<\/li><li>PRP<\/li><li>Scalp mesoterapi<\/li><li>Basic course phototherapy<\/li><li>Basic surgical excisional techniques course<\/li><\/ul>\t\t\t\t\t\t\t\t<\/div>\n\t\t\t\t<\/div>\n\t\t\t\t<\/div>\n\t\t\t\t<\/div>\n\t\t\t\t<\/div>","protected":false},"excerpt":{"rendered":"<p>Dr. Sevil \u00d6zd\u00f6l DERMATOLOG Dr. Sevil \u00d6zd\u00f6l Kimdir? 05-09-1976 Konya Ere\u011fli Do\u011fumluyum. Evliyim ve 4 k\u0131z \u00e7ocu\u011fu annesiyim. Ankara \u00fcniversitesi T\u0131p Fak\u00fcltesi\u2019nden 2000 y\u0131l\u0131nda mezun oldum 2004 y\u0131l\u0131nda Hacettepe \u00dcniversitesi T\u0131p Fak\u00fcltesinden \u2018\u2019Ksantelazma Palpebrarum ve Aterosklerotik Risk Fakt\u00f6rleri ve Lipoprotein-a ile ili\u015fkisi\u2019\u2019 konulu (100 hasta ve 100 kontrol grubu olan) tezim ile uzmanl\u0131\u011f\u0131m\u0131 ald\u0131m. 2005-2011 [&hellip;]<\/p>\n","protected":false},"author":1,"featured_media":0,"parent":0,"menu_order":0,"comment_status":"closed","ping_status":"closed","template":"","meta":{"footnotes":""},"class_list":["post-401","page","type-page","status-publish","hentry"],"_links":{"self":[{"href":"https:\/\/www.dermatologsevilozdol.com\/en\/wp-json\/wp\/v2\/pages\/401","targetHints":{"allow":["GET"]}}],"collection":[{"href":"https:\/\/www.dermatologsevilozdol.com\/en\/wp-json\/wp\/v2\/pages"}],"about":[{"href":"https:\/\/www.dermatologsevilozdol.com\/en\/wp-json\/wp\/v2\/types\/page"}],"author":[{"embeddable":true,"href":"https:\/\/www.dermatologsevilozdol.com\/en\/wp-json\/wp\/v2\/users\/1"}],"replies":[{"embeddable":true,"href":"https:\/\/www.dermatologsevilozdol.com\/en\/wp-json\/wp\/v2\/comments?post=401"}],"version-history":[{"count":6,"href":"https:\/\/www.dermatologsevilozdol.com\/en\/wp-json\/wp\/v2\/pages\/401\/revisions"}],"predecessor-version":[{"id":477,"href":"https:\/\/www.dermatologsevilozdol.com\/en\/wp-json\/wp\/v2\/pages\/401\/revisions\/477"}],"wp:attachment":[{"href":"https:\/\/www.dermatologsevilozdol.com\/en\/wp-json\/wp\/v2\/media?parent=401"}],"curies":[{"name":"wp","href":"https:\/\/api.w.org\/{rel}","templated":true}]}}